{"id":10,"date":"2022-01-07T16:42:59","date_gmt":"2022-01-07T15:42:59","guid":{"rendered":"http:\/\/www.petitmbastia.com\/?page_id=10"},"modified":"2022-02-04T16:25:44","modified_gmt":"2022-02-04T15:25:44","slug":"a-propos-de","status":"publish","type":"page","link":"https:\/\/www.petitmbastia.com\/index.php\/a-propos-de\/","title":{"rendered":"Nos Partenaires"},"content":{"rendered":"\n<div class=\"wp-block-columns is-layout-flex wp-container-core-columns-is-layout-9d6595d7 wp-block-columns-is-layout-flex\">\n<div class=\"wp-block-column is-layout-flow wp-block-column-is-layout-flow\">\n<ul class=\"wp-block-list\"><li>Adorna<\/li><li>Annabel Kern<\/li><li>Atelier Pierre<\/li><li>Avvena<\/li><li>B\u00e9aba<\/li><li>Bloomingville Mini<\/li><li>Boogy Woody<\/li><li>Cam Cam Copenhagen<\/li><li>Charlie &amp; June<\/li><li>Childhome<\/li><li>Cybex<\/li><li>D\u00ebna<\/li><li>Done by Deer<\/li><li>Eff Lillemor<\/li><li>Egmont Toys<\/li><li>Elodie D\u00e9tail<\/li><li>Fabelab<\/li><\/ul>\n<\/div>\n\n\n\n<div class=\"wp-block-column is-layout-flow wp-block-column-is-layout-flow\">\n<ul class=\"wp-block-list\"><li>Frigg<\/li><li>GB<\/li><li>Jelly Cat<\/li><li>Jojo Factory<\/li><li>Kadolis<\/li><li>Kongesslojd<\/li><li>La Case de Cousin Paul<\/li><li>Les Juliettes<\/li><li>Little Dutch<\/li><li>Little Lights<\/li><li>Lorena Canals<\/li><li>Maileg<\/li><li>Maison Charlotte<\/li><li>Milinane<\/li><li>Moulin Roty<\/li><li>Moonie<\/li><li>Mr Maria<\/li><\/ul>\n<\/div>\n\n\n\n<div class=\"wp-block-column is-layout-flow wp-block-column-is-layout-flow\">\n<ul class=\"wp-block-list\"><li>Mushie<\/li><li>Namaki<\/li><li>Nobodinoz<\/li><li>Oli &amp; Carol<\/li><li>Olli Ella<\/li><li>Omy<\/li><li>Philips Avent<\/li><li>Quax<\/li><li>Ratatam<\/li><li>Red Castle<\/li><li>Sass &amp; Belle<\/li><li>Saudara Collections<\/li><li>Scoot &amp; Ride<\/li><li>That\u2019s Mine<\/li><li>Trybike<\/li><li>Wild and Soft<\/li><li>Z\u00fc<\/li><\/ul>\n<\/div>\n<\/div>\n\n\n\n<figure class=\"wp-block-gallery has-nested-images columns-default is-cropped wp-block-gallery-1 is-layout-flex wp-block-gallery-is-layout-flex\">\n<figure class=\"wp-block-image size-large\"><img loading=\"lazy\" decoding=\"async\" width=\"1242\" height=\"1542\" data-id=\"113\" src=\"http:\/\/www.petitmbastia.com\/wp-content\/uploads\/2022\/02\/10.jpg\" alt=\"\" class=\"wp-image-113\" srcset=\"https:\/\/www.petitmbastia.com\/wp-content\/uploads\/2022\/02\/10.jpg 1242w, https:\/\/www.petitmbastia.com\/wp-content\/uploads\/2022\/02\/10-242x300.jpg 242w, https:\/\/www.petitmbastia.com\/wp-content\/uploads\/2022\/02\/10-825x1024.jpg 825w, https:\/\/www.petitmbastia.com\/wp-content\/uploads\/2022\/02\/10-768x954.jpg 768w, https:\/\/www.petitmbastia.com\/wp-content\/uploads\/2022\/02\/10-1237x1536.jpg 1237w\" sizes=\"auto, (max-width: 1242px) 100vw, 1242px\" \/><\/figure>\n\n\n\n<figure class=\"wp-block-image size-large\"><img loading=\"lazy\" decoding=\"async\" width=\"1242\" height=\"1237\" data-id=\"112\" src=\"http:\/\/www.petitmbastia.com\/wp-content\/uploads\/2022\/02\/9.jpg\" alt=\"\" class=\"wp-image-112\" srcset=\"https:\/\/www.petitmbastia.com\/wp-content\/uploads\/2022\/02\/9.jpg 1242w, https:\/\/www.petitmbastia.com\/wp-content\/uploads\/2022\/02\/9-300x300.jpg 300w, https:\/\/www.petitmbastia.com\/wp-content\/uploads\/2022\/02\/9-1024x1020.jpg 1024w, https:\/\/www.petitmbastia.com\/wp-content\/uploads\/2022\/02\/9-150x150.jpg 150w, https:\/\/www.petitmbastia.com\/wp-content\/uploads\/2022\/02\/9-768x765.jpg 768w, https:\/\/www.petitmbastia.com\/wp-content\/uploads\/2022\/02\/9-100x100.jpg 100w\" sizes=\"auto, (max-width: 1242px) 100vw, 1242px\" \/><\/figure>\n\n\n\n<figure class=\"wp-block-image size-large\"><img loading=\"lazy\" decoding=\"async\" width=\"1242\" height=\"1542\" data-id=\"111\" src=\"http:\/\/www.petitmbastia.com\/wp-content\/uploads\/2022\/02\/8.jpg\" alt=\"\" class=\"wp-image-111\" srcset=\"https:\/\/www.petitmbastia.com\/wp-content\/uploads\/2022\/02\/8.jpg 1242w, https:\/\/www.petitmbastia.com\/wp-content\/uploads\/2022\/02\/8-242x300.jpg 242w, https:\/\/www.petitmbastia.com\/wp-content\/uploads\/2022\/02\/8-825x1024.jpg 825w, https:\/\/www.petitmbastia.com\/wp-content\/uploads\/2022\/02\/8-768x954.jpg 768w, https:\/\/www.petitmbastia.com\/wp-content\/uploads\/2022\/02\/8-1237x1536.jpg 1237w\" sizes=\"auto, (max-width: 1242px) 100vw, 1242px\" \/><\/figure>\n\n\n\n<figure class=\"wp-block-image size-large\"><img loading=\"lazy\" decoding=\"async\" width=\"1242\" height=\"929\" data-id=\"109\" src=\"http:\/\/www.petitmbastia.com\/wp-content\/uploads\/2022\/02\/6.jpg\" alt=\"\" class=\"wp-image-109\" srcset=\"https:\/\/www.petitmbastia.com\/wp-content\/uploads\/2022\/02\/6.jpg 1242w, https:\/\/www.petitmbastia.com\/wp-content\/uploads\/2022\/02\/6-300x224.jpg 300w, https:\/\/www.petitmbastia.com\/wp-content\/uploads\/2022\/02\/6-1024x766.jpg 1024w, https:\/\/www.petitmbastia.com\/wp-content\/uploads\/2022\/02\/6-768x574.jpg 768w, https:\/\/www.petitmbastia.com\/wp-content\/uploads\/2022\/02\/6-666x499.jpg 666w\" sizes=\"auto, (max-width: 1242px) 100vw, 1242px\" \/><\/figure>\n<\/figure>\n","protected":false},"excerpt":{"rendered":"<p>Adorna Annabel Kern Atelier Pierre Avvena B\u00e9aba Bloomingville Mini Boogy Woody Cam Cam Copenhagen Charlie &amp; June Childhome Cybex D\u00ebna Done by Deer Eff Lillemor Egmont Toys Elodie D\u00e9tail Fabelab Frigg GB Jelly Cat Jojo<span class=\"more-button\"><a href=\"https:\/\/www.petitmbastia.com\/index.php\/a-propos-de\/\" class=\"more-link\">Continue reading<span class=\"screen-reader-text\">Nos Partenaires<\/span><i class=\"fa fa-angle-right\" aria-hidden=\"true\"><\/i><\/a><\/span><\/p>\n","protected":false},"author":1,"featured_media":25,"parent":0,"menu_order":0,"comment_status":"closed","ping_status":"closed","template":"","meta":{"footnotes":""},"class_list":["post-10","page","type-page","status-publish","has-post-thumbnail","hentry"],"_links":{"self":[{"href":"https:\/\/www.petitmbastia.com\/index.php\/wp-json\/wp\/v2\/pages\/10","targetHints":{"allow":["GET"]}}],"collection":[{"href":"https:\/\/www.petitmbastia.com\/index.php\/wp-json\/wp\/v2\/pages"}],"about":[{"href":"https:\/\/www.petitmbastia.com\/index.php\/wp-json\/wp\/v2\/types\/page"}],"author":[{"embeddable":true,"href":"https:\/\/www.petitmbastia.com\/index.php\/wp-json\/wp\/v2\/users\/1"}],"replies":[{"embeddable":true,"href":"https:\/\/www.petitmbastia.com\/index.php\/wp-json\/wp\/v2\/comments?post=10"}],"version-history":[{"count":6,"href":"https:\/\/www.petitmbastia.com\/index.php\/wp-json\/wp\/v2\/pages\/10\/revisions"}],"predecessor-version":[{"id":138,"href":"https:\/\/www.petitmbastia.com\/index.php\/wp-json\/wp\/v2\/pages\/10\/revisions\/138"}],"wp:featuredmedia":[{"embeddable":true,"href":"https:\/\/www.petitmbastia.com\/index.php\/wp-json\/wp\/v2\/media\/25"}],"wp:attachment":[{"href":"https:\/\/www.petitmbastia.com\/index.php\/wp-json\/wp\/v2\/media?parent=10"}],"curies":[{"name":"wp","href":"https:\/\/api.w.org\/{rel}","templated":true}]}}